{"id":11315,"date":"2026-01-28T18:59:43","date_gmt":"2026-01-28T18:59:43","guid":{"rendered":"https:\/\/artecuadro.cl\/artecuadro\/?page_id=11315"},"modified":"2026-04-06T00:19:08","modified_gmt":"2026-04-06T00:19:08","slug":"enmarcacion-entre-dos-vidrios","status":"publish","type":"page","link":"https:\/\/artecuadro.cl\/artecuadro\/enmarcacion-entre-dos-vidrios\/","title":{"rendered":"Enmarcaci\u00f3n Entre dos Vidrios"},"content":{"rendered":"<div class=\"wpb-content-wrapper\"><p>[vc_row full_width=\u00bbstretch_row_content_no_spaces\u00bb equal_height=\u00bbyes\u00bb css=\u00bb.vc_custom_1508758314508{margin-top: -370px !important;margin-bottom: 0px !important;}\u00bb el_class=\u00bbabout-us-section\u00bb][vc_column width=\u00bb1\/2&#8243; css=\u00bb.vc_custom_1775434650891{padding-top: 360px !important;padding-right: 130px !important;padding-left: 130px !important;}\u00bb _et_uniqid=\u00bbet_custom_uniqid_new_69d2fb8259ab9&#8243;][vc_custom_heading text=\u00bb\u00bb font_container=\u00bbtag:h2|font_size:55px|text_align:left|color:%23302e2e|line_height:1em\u00bb google_fonts=\u00bbfont_family:Josefin%20Sans%3A100%2C100italic%2C300%2C300italic%2Cregular%2Citalic%2C600%2C600italic%2C700%2C700italic|font_style:400%20regular%3A400%3Anormal\u00bb css=\u00bb.vc_custom_1769628633092{margin-bottom: 30px !important;}\u00bb el_class=\u00bbcapitalize\u00bb][vc_column_text css=\u00bb\u00bb]El enmarcado <strong>entre dos vidrios (tambi\u00e9n llamado \u201cflotante\u201d o \u201cdoble vidrio\u201d). <\/strong>Consiste en enmarcar la obra entre dos vidrios, dejando un espacio entre la obra y el marco. En ese caso el passepartout es transparente.<\/p>\n<p>La obra queda suspendida visualmente, sin paspart\u00fa ni fondo s\u00f3lido, lo que genera un aire de ligereza y modernidad.<br \/>\nPermite que se vean los contornos, m\u00e1rgenes o cortes del papel, destacando la materialidad de la pieza.<br \/>\nAl dejar ver la pared detr\u00e1s, el afiche u obra dialoga con el entorno, adapt\u00e1ndose a distintos colores y texturas.<br \/>\nLa obra queda prensada entre dos superficies de vidrio o acr\u00edlico, protegido por ambos lados contra polvo y manipulaci\u00f3n.<br \/>\nSe usa cuando se busca un acabado limpio, contempor\u00e1neo y sin distracciones.<\/p>\n<p>Es ideal para grabados, litograf\u00edas, papiros, textiles delgados, hojas secas, documentos, serigraf\u00edas, etc. especialmente cuando tienen bordes irregulares o m\u00e1rgenes con firmas, numeraciones o marcas de taller.<br \/>\nCuando se quiere destacar el borde original, sin ocultarlo con paspart\u00fa.[\/vc_column_text][\/vc_column][vc_column width=\u00bb1\/2&#8243; css=\u00bb.vc_custom_1775434519077{margin-top: 100px !important;margin-bottom: 0px !important;background-image: url(http:\/\/artecuadro.cl\/artecuadro\/wp-content\/uploads\/2026\/04\/Entrevidrios.png?id=11392) !important;background-position: center !important;background-repeat: no-repeat !important;background-size: contain !important;}\u00bb el_class=\u00bbfirst-block\u00bb _et_uniqid=\u00bbet_custom_uniqid_new_69d2fb0932ed5&#8243;][\/vc_column][\/vc_row]<\/p>\n<\/div>","protected":false},"excerpt":{"rendered":"<p>[vc_row full_width=\u00bbstretch_row_content_no_spaces\u00bb equal_height=\u00bbyes\u00bb css=\u00bb.vc_custom_1508758314508{margin-top: -370px !important;margin-bottom: 0px !important;}\u00bb el_class=\u00bbabout-us-section\u00bb][vc_column width=\u00bb1\/2&#8243; css=\u00bb.vc_custom_1775434650891{padding-top: 360px !important;padding-right: 130px !important;padding-left: 130px !important;}\u00bb _et_uniqid=\u00bbet_custom_uniqid_new_69d2fb8259ab9&#8243;][vc_custom_heading text=\u00bb\u00bb font_container=\u00bbtag:h2|font_size:55px|text_align:left|color:%23302e2e|line_height:1em\u00bb<\/p>\n","protected":false},"author":2,"featured_media":0,"parent":0,"menu_order":0,"comment_status":"closed","ping_status":"closed","template":"","meta":{"footnotes":""},"class_list":["post-11315","page","type-page","status-publish","hentry"],"yoast_head":"<!-- This site is optimized with the Yoast SEO plugin v26.8 - https:\/\/yoast.com\/product\/yoast-seo-wordpress\/ -->\n<title>Enmarcaci\u00f3n Entre dos Vidrios - Artecuadro<\/title>\n<meta name=\"robots\" content=\"index, follow, max-snippet:-1, max-image-preview:large, max-video-preview:-1\" \/>\n<link rel=\"canonical\" href=\"https:\/\/artecuadro.cl\/artecuadro\/enmarcacion-entre-dos-vidrios\/\" \/>\n<meta property=\"og:locale\" content=\"es_ES\" \/>\n<meta property=\"og:type\" content=\"article\" \/>\n<meta property=\"og:title\" content=\"Enmarcaci\u00f3n Entre dos Vidrios - Artecuadro\" \/>\n<meta property=\"og:description\" content=\"[vc_row full_width=\u00bbstretch_row_content_no_spaces\u00bb equal_height=\u00bbyes\u00bb css=\u00bb.vc_custom_1508758314508{margin-top: -370px !important;margin-bottom: 0px !important;}\u00bb el_class=\u00bbabout-us-section\u00bb][vc_column width=\u00bb1\/2&#8243; css=\u00bb.vc_custom_1775434650891{padding-top: 360px !important;padding-right: 130px !important;padding-left: 130px !important;}\u00bb _et_uniqid=\u00bbet_custom_uniqid_new_69d2fb8259ab9&#8243;][vc_custom_heading text=\u00bb\u00bb font_container=\u00bbtag:h2|font_size:55px|text_align:left|color:%23302e2e|line_height:1em\u00bb\" \/>\n<meta property=\"og:url\" content=\"https:\/\/artecuadro.cl\/artecuadro\/enmarcacion-entre-dos-vidrios\/\" \/>\n<meta property=\"og:site_name\" content=\"Artecuadro\" \/>\n<meta property=\"article:modified_time\" content=\"2026-04-06T00:19:08+00:00\" \/>\n<meta name=\"twitter:card\" content=\"summary_large_image\" \/>\n<meta name=\"twitter:label1\" content=\"Tiempo de lectura\" \/>\n\t<meta name=\"twitter:data1\" content=\"1 minuto\" \/>\n<script type=\"application\/ld+json\" class=\"yoast-schema-graph\">{\"@context\":\"https:\/\/schema.org\",\"@graph\":[{\"@type\":\"WebPage\",\"@id\":\"https:\/\/artecuadro.cl\/artecuadro\/enmarcacion-entre-dos-vidrios\/\",\"url\":\"https:\/\/artecuadro.cl\/artecuadro\/enmarcacion-entre-dos-vidrios\/\",\"name\":\"Enmarcaci\u00f3n Entre dos Vidrios - Artecuadro\",\"isPartOf\":{\"@id\":\"https:\/\/artecuadro.cl\/artecuadro\/#website\"},\"datePublished\":\"2026-01-28T18:59:43+00:00\",\"dateModified\":\"2026-04-06T00:19:08+00:00\",\"breadcrumb\":{\"@id\":\"https:\/\/artecuadro.cl\/artecuadro\/enmarcacion-entre-dos-vidrios\/#breadcrumb\"},\"inLanguage\":\"es\",\"potentialAction\":[{\"@type\":\"ReadAction\",\"target\":[\"https:\/\/artecuadro.cl\/artecuadro\/enmarcacion-entre-dos-vidrios\/\"]}]},{\"@type\":\"BreadcrumbList\",\"@id\":\"https:\/\/artecuadro.cl\/artecuadro\/enmarcacion-entre-dos-vidrios\/#breadcrumb\",\"itemListElement\":[{\"@type\":\"ListItem\",\"position\":1,\"name\":\"Portada\",\"item\":\"https:\/\/artecuadro.cl\/artecuadro\/\"},{\"@type\":\"ListItem\",\"position\":2,\"name\":\"Enmarcaci\u00f3n Entre dos Vidrios\"}]},{\"@type\":\"WebSite\",\"@id\":\"https:\/\/artecuadro.cl\/artecuadro\/#website\",\"url\":\"https:\/\/artecuadro.cl\/artecuadro\/\",\"name\":\"Artecuadro\",\"description\":\"Enmarcaciones de calidad\",\"potentialAction\":[{\"@type\":\"SearchAction\",\"target\":{\"@type\":\"EntryPoint\",\"urlTemplate\":\"https:\/\/artecuadro.cl\/artecuadro\/?s={search_term_string}\"},\"query-input\":{\"@type\":\"PropertyValueSpecification\",\"valueRequired\":true,\"valueName\":\"search_term_string\"}}],\"inLanguage\":\"es\"}]}<\/script>\n<!-- \/ Yoast SEO plugin. -->","yoast_head_json":{"title":"Enmarcaci\u00f3n Entre dos Vidrios - Artecuadro","robots":{"index":"index","follow":"follow","max-snippet":"max-snippet:-1","max-image-preview":"max-image-preview:large","max-video-preview":"max-video-preview:-1"},"canonical":"https:\/\/artecuadro.cl\/artecuadro\/enmarcacion-entre-dos-vidrios\/","og_locale":"es_ES","og_type":"article","og_title":"Enmarcaci\u00f3n Entre dos Vidrios - Artecuadro","og_description":"[vc_row full_width=\u00bbstretch_row_content_no_spaces\u00bb equal_height=\u00bbyes\u00bb css=\u00bb.vc_custom_1508758314508{margin-top: -370px !important;margin-bottom: 0px !important;}\u00bb el_class=\u00bbabout-us-section\u00bb][vc_column width=\u00bb1\/2&#8243; css=\u00bb.vc_custom_1775434650891{padding-top: 360px !important;padding-right: 130px !important;padding-left: 130px !important;}\u00bb _et_uniqid=\u00bbet_custom_uniqid_new_69d2fb8259ab9&#8243;][vc_custom_heading text=\u00bb\u00bb font_container=\u00bbtag:h2|font_size:55px|text_align:left|color:%23302e2e|line_height:1em\u00bb","og_url":"https:\/\/artecuadro.cl\/artecuadro\/enmarcacion-entre-dos-vidrios\/","og_site_name":"Artecuadro","article_modified_time":"2026-04-06T00:19:08+00:00","twitter_card":"summary_large_image","twitter_misc":{"Tiempo de lectura":"1 minuto"},"schema":{"@context":"https:\/\/schema.org","@graph":[{"@type":"WebPage","@id":"https:\/\/artecuadro.cl\/artecuadro\/enmarcacion-entre-dos-vidrios\/","url":"https:\/\/artecuadro.cl\/artecuadro\/enmarcacion-entre-dos-vidrios\/","name":"Enmarcaci\u00f3n Entre dos Vidrios - Artecuadro","isPartOf":{"@id":"https:\/\/artecuadro.cl\/artecuadro\/#website"},"datePublished":"2026-01-28T18:59:43+00:00","dateModified":"2026-04-06T00:19:08+00:00","breadcrumb":{"@id":"https:\/\/artecuadro.cl\/artecuadro\/enmarcacion-entre-dos-vidrios\/#breadcrumb"},"inLanguage":"es","potentialAction":[{"@type":"ReadAction","target":["https:\/\/artecuadro.cl\/artecuadro\/enmarcacion-entre-dos-vidrios\/"]}]},{"@type":"BreadcrumbList","@id":"https:\/\/artecuadro.cl\/artecuadro\/enmarcacion-entre-dos-vidrios\/#breadcrumb","itemListElement":[{"@type":"ListItem","position":1,"name":"Portada","item":"https:\/\/artecuadro.cl\/artecuadro\/"},{"@type":"ListItem","position":2,"name":"Enmarcaci\u00f3n Entre dos Vidrios"}]},{"@type":"WebSite","@id":"https:\/\/artecuadro.cl\/artecuadro\/#website","url":"https:\/\/artecuadro.cl\/artecuadro\/","name":"Artecuadro","description":"Enmarcaciones de calidad","potentialAction":[{"@type":"SearchAction","target":{"@type":"EntryPoint","urlTemplate":"https:\/\/artecuadro.cl\/artecuadro\/?s={search_term_string}"},"query-input":{"@type":"PropertyValueSpecification","valueRequired":true,"valueName":"search_term_string"}}],"inLanguage":"es"}]}},"_links":{"self":[{"href":"https:\/\/artecuadro.cl\/artecuadro\/wp-json\/wp\/v2\/pages\/11315","targetHints":{"allow":["GET"]}}],"collection":[{"href":"https:\/\/artecuadro.cl\/artecuadro\/wp-json\/wp\/v2\/pages"}],"about":[{"href":"https:\/\/artecuadro.cl\/artecuadro\/wp-json\/wp\/v2\/types\/page"}],"author":[{"embeddable":true,"href":"https:\/\/artecuadro.cl\/artecuadro\/wp-json\/wp\/v2\/users\/2"}],"replies":[{"embeddable":true,"href":"https:\/\/artecuadro.cl\/artecuadro\/wp-json\/wp\/v2\/comments?post=11315"}],"version-history":[{"count":7,"href":"https:\/\/artecuadro.cl\/artecuadro\/wp-json\/wp\/v2\/pages\/11315\/revisions"}],"predecessor-version":[{"id":11396,"href":"https:\/\/artecuadro.cl\/artecuadro\/wp-json\/wp\/v2\/pages\/11315\/revisions\/11396"}],"wp:attachment":[{"href":"https:\/\/artecuadro.cl\/artecuadro\/wp-json\/wp\/v2\/media?parent=11315"}],"curies":[{"name":"wp","href":"https:\/\/api.w.org\/{rel}","templated":true}]}}